{"id":1610,"date":"2023-12-04T18:35:54","date_gmt":"2023-12-04T18:35:54","guid":{"rendered":"https:\/\/izrada-sajtova.leskovac.rs\/?page_id=1610"},"modified":"2023-12-04T18:41:52","modified_gmt":"2023-12-04T18:41:52","slug":"izrada-sajta-bojnik","status":"publish","type":"page","link":"https:\/\/izrada-sajtova.leskovac.rs\/index.php\/izrada-sajta-bojnik\/","title":{"rendered":"Izrada sajta Bojnik"},"content":{"rendered":"\n<p>Ukoliko se pitate koliko je Bojnik udaljen od Leskovca, znajte da smo mi tu da pribli\u017eimo va\u0161 posao svetu putem modernih i funkcionalnih veb stranica. Sa dugogodi\u0161njim iskustvom u kreiranju i dizajniranju veb stranica, kao i aplikacija za Android i iOS, garantujemo profesionalnost i zadovoljstvo.<\/p>\n\n\n\n<p><strong>Pro\u0161irujemo na\u0161 spektar usluga:<\/strong><\/p>\n\n\n\n<div class=\"wp-block-group is-vertical is-layout-flex wp-container-core-group-is-layout-fe9cc265 wp-block-group-is-layout-flex\">\n<ul class=\"wp-block-list\">\n<li>Internet prodavnice<\/li>\n\n\n\n<li>Dizajn i Razvoj Veb Sajtova<\/li>\n\n\n\n<li>Vrhunski Grafi\u010dki Dizajn<\/li>\n<\/ul>\n\n\n\n<h2 class=\"wp-block-heading\">Korak do Va\u0161eg Digitalnog Prisustva<\/h2>\n\n\n\n<p>Na\u0161a usluga izrade sajta obuhvata sve &#8211; od kreiranja internet prezentacija i web prodavnica do aplikacija za mobilne ure\u0111aje. Tako\u0111e, pru\u017eamo SEO optimizaciju, odr\u017eavanje sajtova, povezivanje sa dru\u0161tvenim mre\u017eama i vo\u0111enje reklamnih kampanja.<\/p>\n<\/div>\n\n\n\n<figure class=\"wp-block-image size-full\"><img fetchpriority=\"high\" decoding=\"async\" width=\"640\" height=\"427\" src=\"https:\/\/izrada-sajtova.leskovac.rs\/wp-content\/uploads\/2023\/12\/Izrada-Sajta-Bojnik.jpg\" alt=\"\" class=\"wp-image-1611\" srcset=\"https:\/\/izrada-sajtova.leskovac.rs\/wp-content\/uploads\/2023\/12\/Izrada-Sajta-Bojnik.jpg 640w, https:\/\/izrada-sajtova.leskovac.rs\/wp-content\/uploads\/2023\/12\/Izrada-Sajta-Bojnik-300x200.jpg 300w\" sizes=\"(max-width: 640px) 100vw, 640px\" \/><\/figure>\n\n\n\n<p>Godine truda, rada i izuzetno kvalitetne usluge stvorile su zadovoljne klijente u Grdelici. Posetite na\u0161u galeriju projekata da biste dobili uvid u na\u0161e najbolje radove. Va\u0161e zadovoljstvo je na\u0161a misija, i zato nas pozovite ukoliko \u017eelite da i va\u0161a pri\u010da bude deo na\u0161eg uspe\u0161nog portfolija.<\/p>\n\n\n\n<p>Na\u0161a posve\u0107enost projektnoj transparentnosti osigurava da sa vama delimo svaki korak procesa izrade sajta. Baziramo odnose na poverenju i po\u0161tovanju od samog po\u010detka, pru\u017eaju\u0107i vam sigurnost u svakom trenutku.<\/p>\n\n\n\n<h3 class=\"wp-block-heading\">Izrada Sajta Bojnik<\/h3>\n\n\n\n<p>Na\u0161 tim je posve\u0107en ne samo velikim, ve\u0107 i malim projektima. Verujemo u kontinuirane inovacije i u\u010denje, te se trudimo da uvek pru\u017eimo najbolje mogu\u0107e re\u0161enje za va\u0161u digitalnu prisutnost.<\/p>\n\n\n\n<p>Ako \u017eelite partnera koji \u0107e va\u0161 biznis podi\u0107i na vi\u0161i nivo, kontaktirajte nas. Va\u0161 uspeh je i na\u0161 uspeh.&#8221;<\/p>\n","protected":false},"excerpt":{"rendered":"<p>Ukoliko se pitate koliko je Bojnik udaljen od Leskovca, znajte da smo mi tu da pribli\u017eimo va\u0161 posao svetu putem modernih i funkcionalnih veb stranica. Sa dugogodi\u0161njim iskustvom u kreiranju i dizajniranju veb stranica, kao i aplikacija za Android i iOS, garantujemo profesionalnost i zadovoljstvo. Pro\u0161irujemo na\u0161 spektar usluga: Korak do Va\u0161eg Digitalnog Prisustva Na\u0161a [&hellip;]<\/p>\n","protected":false},"author":1,"featured_media":0,"parent":0,"menu_order":0,"comment_status":"closed","ping_status":"closed","template":"","meta":{"footnotes":""},"class_list":["post-1610","page","type-page","status-publish","hentry"],"yoast_head":"<!-- This site is optimized with the Yoast SEO plugin v27.5 - https:\/\/yoast.com\/product\/yoast-seo-wordpress\/ -->\n<title>Izrada sajta Bojnik u leskovcu<\/title>\n<meta name=\"robots\" content=\"index, follow, max-snippet:-1, max-image-preview:large, max-video-preview:-1\" \/>\n<link rel=\"canonical\" href=\"https:\/\/izrada-sajtova.leskovac.rs\/index.php\/izrada-sajta-bojnik\/\" \/>\n<meta property=\"og:locale\" content=\"en_US\" \/>\n<meta property=\"og:type\" content=\"article\" \/>\n<meta property=\"og:title\" content=\"Izrada sajta Bojnik u leskovcu\" \/>\n<meta property=\"og:description\" content=\"Ukoliko se pitate koliko je Bojnik udaljen od Leskovca, znajte da smo mi tu da pribli\u017eimo va\u0161 posao svetu putem modernih i funkcionalnih veb stranica. Sa dugogodi\u0161njim iskustvom u kreiranju i dizajniranju veb stranica, kao i aplikacija za Android i iOS, garantujemo profesionalnost i zadovoljstvo. Pro\u0161irujemo na\u0161 spektar usluga: Korak do Va\u0161eg Digitalnog Prisustva Na\u0161a [&hellip;]\" \/>\n<meta property=\"og:url\" content=\"https:\/\/izrada-sajtova.leskovac.rs\/index.php\/izrada-sajta-bojnik\/\" \/>\n<meta property=\"og:site_name\" content=\"Izrada Sajtova Leskovac\" \/>\n<meta property=\"article:publisher\" content=\"https:\/\/www.facebook.com\/izradasajtaleskovac\" \/>\n<meta property=\"article:modified_time\" content=\"2023-12-04T18:41:52+00:00\" \/>\n<meta property=\"og:image\" content=\"https:\/\/izrada-sajtova.leskovac.rs\/wp-content\/uploads\/2023\/12\/Izrada-Sajta-Bojnik.jpg\" \/>\n<meta name=\"twitter:card\" content=\"summary_large_image\" \/>\n<meta name=\"twitter:label1\" content=\"Est. reading time\" \/>\n\t<meta name=\"twitter:data1\" content=\"2 minutes\" \/>\n<script type=\"application\/ld+json\" class=\"yoast-schema-graph\">{\"@context\":\"https:\\\/\\\/schema.org\",\"@graph\":[{\"@type\":\"WebPage\",\"@id\":\"https:\\\/\\\/izrada-sajtova.leskovac.rs\\\/index.php\\\/izrada-sajta-bojnik\\\/\",\"url\":\"https:\\\/\\\/izrada-sajtova.leskovac.rs\\\/index.php\\\/izrada-sajta-bojnik\\\/\",\"name\":\"Izrada sajta Bojnik u leskovcu\",\"isPartOf\":{\"@id\":\"https:\\\/\\\/izrada-sajtova.leskovac.rs\\\/#website\"},\"primaryImageOfPage\":{\"@id\":\"https:\\\/\\\/izrada-sajtova.leskovac.rs\\\/index.php\\\/izrada-sajta-bojnik\\\/#primaryimage\"},\"image\":{\"@id\":\"https:\\\/\\\/izrada-sajtova.leskovac.rs\\\/index.php\\\/izrada-sajta-bojnik\\\/#primaryimage\"},\"thumbnailUrl\":\"https:\\\/\\\/izrada-sajtova.leskovac.rs\\\/wp-content\\\/uploads\\\/2023\\\/12\\\/Izrada-Sajta-Bojnik.jpg\",\"datePublished\":\"2023-12-04T18:35:54+00:00\",\"dateModified\":\"2023-12-04T18:41:52+00:00\",\"breadcrumb\":{\"@id\":\"https:\\\/\\\/izrada-sajtova.leskovac.rs\\\/index.php\\\/izrada-sajta-bojnik\\\/#breadcrumb\"},\"inLanguage\":\"en-US\",\"potentialAction\":[{\"@type\":\"ReadAction\",\"target\":[\"https:\\\/\\\/izrada-sajtova.leskovac.rs\\\/index.php\\\/izrada-sajta-bojnik\\\/\"]}]},{\"@type\":\"ImageObject\",\"inLanguage\":\"en-US\",\"@id\":\"https:\\\/\\\/izrada-sajtova.leskovac.rs\\\/index.php\\\/izrada-sajta-bojnik\\\/#primaryimage\",\"url\":\"https:\\\/\\\/izrada-sajtova.leskovac.rs\\\/wp-content\\\/uploads\\\/2023\\\/12\\\/Izrada-Sajta-Bojnik.jpg\",\"contentUrl\":\"https:\\\/\\\/izrada-sajtova.leskovac.rs\\\/wp-content\\\/uploads\\\/2023\\\/12\\\/Izrada-Sajta-Bojnik.jpg\",\"width\":640,\"height\":427},{\"@type\":\"BreadcrumbList\",\"@id\":\"https:\\\/\\\/izrada-sajtova.leskovac.rs\\\/index.php\\\/izrada-sajta-bojnik\\\/#breadcrumb\",\"itemListElement\":[{\"@type\":\"ListItem\",\"position\":1,\"name\":\"Home\",\"item\":\"https:\\\/\\\/izrada-sajtova.leskovac.rs\\\/\"},{\"@type\":\"ListItem\",\"position\":2,\"name\":\"Izrada sajta Bojnik\"}]},{\"@type\":\"WebSite\",\"@id\":\"https:\\\/\\\/izrada-sajtova.leskovac.rs\\\/#website\",\"url\":\"https:\\\/\\\/izrada-sajtova.leskovac.rs\\\/\",\"name\":\"Izrada Sajtova Leskovac\",\"description\":\"061.135.98.44\",\"potentialAction\":[{\"@type\":\"SearchAction\",\"target\":{\"@type\":\"EntryPoint\",\"urlTemplate\":\"https:\\\/\\\/izrada-sajtova.leskovac.rs\\\/?s={search_term_string}\"},\"query-input\":{\"@type\":\"PropertyValueSpecification\",\"valueRequired\":true,\"valueName\":\"search_term_string\"}}],\"inLanguage\":\"en-US\"}]}<\/script>\n<!-- \/ Yoast SEO plugin. -->","yoast_head_json":{"title":"Izrada sajta Bojnik u leskovcu","robots":{"index":"index","follow":"follow","max-snippet":"max-snippet:-1","max-image-preview":"max-image-preview:large","max-video-preview":"max-video-preview:-1"},"canonical":"https:\/\/izrada-sajtova.leskovac.rs\/index.php\/izrada-sajta-bojnik\/","og_locale":"en_US","og_type":"article","og_title":"Izrada sajta Bojnik u leskovcu","og_description":"Ukoliko se pitate koliko je Bojnik udaljen od Leskovca, znajte da smo mi tu da pribli\u017eimo va\u0161 posao svetu putem modernih i funkcionalnih veb stranica. Sa dugogodi\u0161njim iskustvom u kreiranju i dizajniranju veb stranica, kao i aplikacija za Android i iOS, garantujemo profesionalnost i zadovoljstvo. Pro\u0161irujemo na\u0161 spektar usluga: Korak do Va\u0161eg Digitalnog Prisustva Na\u0161a [&hellip;]","og_url":"https:\/\/izrada-sajtova.leskovac.rs\/index.php\/izrada-sajta-bojnik\/","og_site_name":"Izrada Sajtova Leskovac","article_publisher":"https:\/\/www.facebook.com\/izradasajtaleskovac","article_modified_time":"2023-12-04T18:41:52+00:00","og_image":[{"url":"https:\/\/izrada-sajtova.leskovac.rs\/wp-content\/uploads\/2023\/12\/Izrada-Sajta-Bojnik.jpg","type":"","width":"","height":""}],"twitter_card":"summary_large_image","twitter_misc":{"Est. reading time":"2 minutes"},"schema":{"@context":"https:\/\/schema.org","@graph":[{"@type":"WebPage","@id":"https:\/\/izrada-sajtova.leskovac.rs\/index.php\/izrada-sajta-bojnik\/","url":"https:\/\/izrada-sajtova.leskovac.rs\/index.php\/izrada-sajta-bojnik\/","name":"Izrada sajta Bojnik u leskovcu","isPartOf":{"@id":"https:\/\/izrada-sajtova.leskovac.rs\/#website"},"primaryImageOfPage":{"@id":"https:\/\/izrada-sajtova.leskovac.rs\/index.php\/izrada-sajta-bojnik\/#primaryimage"},"image":{"@id":"https:\/\/izrada-sajtova.leskovac.rs\/index.php\/izrada-sajta-bojnik\/#primaryimage"},"thumbnailUrl":"https:\/\/izrada-sajtova.leskovac.rs\/wp-content\/uploads\/2023\/12\/Izrada-Sajta-Bojnik.jpg","datePublished":"2023-12-04T18:35:54+00:00","dateModified":"2023-12-04T18:41:52+00:00","breadcrumb":{"@id":"https:\/\/izrada-sajtova.leskovac.rs\/index.php\/izrada-sajta-bojnik\/#breadcrumb"},"inLanguage":"en-US","potentialAction":[{"@type":"ReadAction","target":["https:\/\/izrada-sajtova.leskovac.rs\/index.php\/izrada-sajta-bojnik\/"]}]},{"@type":"ImageObject","inLanguage":"en-US","@id":"https:\/\/izrada-sajtova.leskovac.rs\/index.php\/izrada-sajta-bojnik\/#primaryimage","url":"https:\/\/izrada-sajtova.leskovac.rs\/wp-content\/uploads\/2023\/12\/Izrada-Sajta-Bojnik.jpg","contentUrl":"https:\/\/izrada-sajtova.leskovac.rs\/wp-content\/uploads\/2023\/12\/Izrada-Sajta-Bojnik.jpg","width":640,"height":427},{"@type":"BreadcrumbList","@id":"https:\/\/izrada-sajtova.leskovac.rs\/index.php\/izrada-sajta-bojnik\/#breadcrumb","itemListElement":[{"@type":"ListItem","position":1,"name":"Home","item":"https:\/\/izrada-sajtova.leskovac.rs\/"},{"@type":"ListItem","position":2,"name":"Izrada sajta Bojnik"}]},{"@type":"WebSite","@id":"https:\/\/izrada-sajtova.leskovac.rs\/#website","url":"https:\/\/izrada-sajtova.leskovac.rs\/","name":"Izrada Sajtova Leskovac","description":"061.135.98.44","potentialAction":[{"@type":"SearchAction","target":{"@type":"EntryPoint","urlTemplate":"https:\/\/izrada-sajtova.leskovac.rs\/?s={search_term_string}"},"query-input":{"@type":"PropertyValueSpecification","valueRequired":true,"valueName":"search_term_string"}}],"inLanguage":"en-US"}]}},"_links":{"self":[{"href":"https:\/\/izrada-sajtova.leskovac.rs\/index.php\/wp-json\/wp\/v2\/pages\/1610","targetHints":{"allow":["GET"]}}],"collection":[{"href":"https:\/\/izrada-sajtova.leskovac.rs\/index.php\/wp-json\/wp\/v2\/pages"}],"about":[{"href":"https:\/\/izrada-sajtova.leskovac.rs\/index.php\/wp-json\/wp\/v2\/types\/page"}],"author":[{"embeddable":true,"href":"https:\/\/izrada-sajtova.leskovac.rs\/index.php\/wp-json\/wp\/v2\/users\/1"}],"replies":[{"embeddable":true,"href":"https:\/\/izrada-sajtova.leskovac.rs\/index.php\/wp-json\/wp\/v2\/comments?post=1610"}],"version-history":[{"count":2,"href":"https:\/\/izrada-sajtova.leskovac.rs\/index.php\/wp-json\/wp\/v2\/pages\/1610\/revisions"}],"predecessor-version":[{"id":1614,"href":"https:\/\/izrada-sajtova.leskovac.rs\/index.php\/wp-json\/wp\/v2\/pages\/1610\/revisions\/1614"}],"wp:attachment":[{"href":"https:\/\/izrada-sajtova.leskovac.rs\/index.php\/wp-json\/wp\/v2\/media?parent=1610"}],"curies":[{"name":"wp","href":"https:\/\/api.w.org\/{rel}","templated":true}]}}